{"id":62,"date":"2013-06-25T07:59:56","date_gmt":"2013-06-25T05:59:56","guid":{"rendered":"http:\/\/hh-infomedia.de\/?page_id=62"},"modified":"2023-03-07T12:19:57","modified_gmt":"2023-03-07T10:19:57","slug":"printmedien","status":"publish","type":"page","link":"http:\/\/hh-infomedia.de\/?page_id=62","title":{"rendered":"Printmedien"},"content":{"rendered":"<p style=\"text-align: justify;\">Was ist los in der Gemeinde im Ort!? Veranstaltungen,\u00a0Termine wann und wo &#8211; alles auf einen Blick. Nachfolgende Printmedien werden von HH-infomedia erstellt und vertrieben.<\/p>\n<p><strong>Ortsflyer\u00a0\u00a0\u00a0<a href=\"http:\/\/www.unser-ruebenach.de\/wordpress\/wp-content\/uploads\/2012\/02\/Faltblatt_Ruebenach1.pdf\" target=\"_blank\" rel=\"noopener\">Seite 1<\/a>\u00a0\u00a0 <a href=\"http:\/\/www.unser-ruebenach.de\/wordpress\/wp-content\/uploads\/2012\/02\/Faltblatt_Ruebenach2.pdf\" target=\"_blank\" rel=\"noopener\">Seite 2<\/a><\/strong><\/p>\n<p style=\"padding-left: 30px;\">&#8211; Information mit Bildern \u00fcber den Stadtteil R\u00fcbenach<\/p>\n<p><strong>Vereins\u00fcbersicht\u00a0\u00a0 <a href=\"http:\/\/www.unser-ruebenach.de\/wordpress\/wp-content\/uploads\/2013\/10\/faltblatt_vereine_titel.pdf\" target=\"_blank\" rel=\"noopener\">Seite 1<\/a>\u00a0\u00a0 <a href=\"http:\/\/www.unser-ruebenach.de\/wordpress\/wp-content\/uploads\/2013\/10\/faltblatt-vereine_seite2.pdf\" target=\"_blank\" rel=\"noopener\">Seite 2<\/a>\u00a0<\/strong><\/p>\n<p style=\"padding-left: 30px;\">&#8211; Adressen und Anschriften aller R\u00fcbenacher Ortsvereine<\/p>\n<p><a href=\"http:\/\/www.unser-ruebenach.de\/unser_ort\/strasen-in-rubenach\/rubenacher-heimatkalender\/\" target=\"_blank\" rel=\"noopener\"><strong>R\u00fcbenacher Heimatkalender<\/strong><\/a><\/p>\n<p style=\"padding-left: 30px;\">&#8211; Jahreskalender\u00a0mit historischen\u00a0Fotos aus dem Stadtteil R\u00fcbenach<\/p>\n<p style=\"padding-left: 30px;\">\n","protected":false},"excerpt":{"rendered":"<p>Was ist los in der Gemeinde im Ort!? Veranstaltungen,\u00a0Termine wann und wo &#8211; alles auf einen Blick. Nachfolgende Printmedien werden von HH-infomedia erstellt und vertrieben. Ortsflyer\u00a0\u00a0\u00a0Seite 1\u00a0\u00a0 Seite 2 &#8211; Information mit Bildern \u00fcber den Stadtteil R\u00fcbenach Vereins\u00fcbersicht\u00a0\u00a0 Seite 1\u00a0\u00a0 Seite 2\u00a0 &#8211; Adressen und Anschriften aller R\u00fcbenacher Ortsvereine R\u00fcbenacher Heimatkalender &#8211; Jahreskalender\u00a0mit historischen\u00a0Fotos aus [&hellip;]<\/p>\n","protected":false},"author":2,"featured_media":0,"parent":12,"menu_order":4,"comment_status":"closed","ping_status":"closed","template":"","meta":[],"_links":{"self":[{"href":"http:\/\/hh-infomedia.de\/index.php?rest_route=\/wp\/v2\/pages\/62"}],"collection":[{"href":"http:\/\/hh-infomedia.de\/index.php?rest_route=\/wp\/v2\/pages"}],"about":[{"href":"http:\/\/hh-infomedia.de\/index.php?rest_route=\/wp\/v2\/types\/page"}],"author":[{"embeddable":true,"href":"http:\/\/hh-infomedia.de\/index.php?rest_route=\/wp\/v2\/users\/2"}],"replies":[{"embeddable":true,"href":"http:\/\/hh-infomedia.de\/index.php?rest_route=%2Fwp%2Fv2%2Fcomments&post=62"}],"version-history":[{"count":26,"href":"http:\/\/hh-infomedia.de\/index.php?rest_route=\/wp\/v2\/pages\/62\/revisions"}],"predecessor-version":[{"id":709,"href":"http:\/\/hh-infomedia.de\/index.php?rest_route=\/wp\/v2\/pages\/62\/revisions\/709"}],"up":[{"embeddable":true,"href":"http:\/\/hh-infomedia.de\/index.php?rest_route=\/wp\/v2\/pages\/12"}],"wp:attachment":[{"href":"http:\/\/hh-infomedia.de\/index.php?rest_route=%2Fwp%2Fv2%2Fmedia&parent=62"}],"curies":[{"name":"wp","href":"https:\/\/api.w.org\/{rel}","templated":true}]}}