{"id":48,"date":"2013-06-24T13:27:06","date_gmt":"2013-06-24T11:27:06","guid":{"rendered":"http:\/\/hh-infomedia.de\/?page_id=48"},"modified":"2023-03-07T12:09:27","modified_gmt":"2023-03-07T10:09:27","slug":"websiten-betreuung","status":"publish","type":"page","link":"http:\/\/hh-infomedia.de\/?page_id=48","title":{"rendered":"Websites Betreuung"},"content":{"rendered":"<p style=\"text-align: justify;\">Sie haben keine Zeit sich um ihre Website zu k\u00fcmmern, sie zu pflegen? Neben der Erstellung von Websites \u00fcbernimmt HH-infoMedia auch deren Betreuung und Pflege. Die Leistungen beinhalten:<\/p>\n<p style=\"padding-left: 40px;\"><span style=\"color: #ffffff;\">.<\/span>&#8211; Tempor\u00e4re-\u00a0oder generelle\u00a0Neueinstellungen<\/p>\n<p style=\"padding-left: 40px;\">&#8211; \u00c4nderungen oder Korrekturen von Standards<\/p>\n<p style=\"padding-left: 40px;\">&#8211; \u00dcberarbeitung oder Erneuerung Layout<\/p>\n<p style=\"padding-left: 40px;\">&#8211; Programmbedingte Updates<\/p>\n<p><span style=\"color: #ffffff;\">.<\/span>Nachfolgende Websites werden von HH-infoMedia betreut:<br \/>\n<span style=\"color: #ffffff;\">.<\/span><\/p>\n<p><strong><a href=\"http:\/\/www.unser-ruebenach.de\/\" target=\"_blank\" rel=\"noopener noreferrer\">www.unser-ruebenach.de<\/a><\/strong><\/p>\n<p><strong><a href=\"http:\/\/dermetternicher.de\/\" target=\"_blank\" rel=\"noopener noreferrer\">www.der-metternicher.de<\/a><\/strong><\/p>\n<p><strong><a href=\"http:\/\/mein-bubenheim.de\/\" target=\"_blank\" rel=\"noopener noreferrer\">www.mein-bubenheim.de<\/a><\/strong><\/p>\n<p><strong><a href=\"http:\/\/www.frauenchor-quodlibet.de\/\" target=\"_blank\" rel=\"noopener noreferrer\">www.frauenchor-quodlibet.de<\/a><\/strong><\/p>\n<p><strong><a href=\"http:\/\/www.busch-henning.de\/\" target=\"_blank\" rel=\"noopener noreferrer\">www.busch-henning.de<\/a>\u00a0<\/strong><\/p>\n<p><strong><a href=\"http:\/\/ritas-naehstuebchen.de\/\" target=\"_blank\" rel=\"noopener noreferrer\">www.ritas-naehstuebchen.de<\/a><\/strong><\/p>\n<p><strong><a href=\"http:\/\/www.schuhtechnik-weber.de\/\" target=\"_blank\" rel=\"noopener noreferrer\">www.schuhtechnik-weber.de<\/a><\/strong><\/p>\n<p><strong><a href=\"http:\/\/www.elektro-fondel.de\/\" target=\"_blank\" rel=\"noopener noreferrer\">www.elektro-fondel.de<\/a><\/strong><\/p>\n<p><b><a href=\"http:\/\/www.becker-steinmetz.de\/\" target=\"_blank\" rel=\"noopener noreferrer\">www.becker-steinmetz.de<\/a><\/b><\/p>\n<p><strong><a href=\"http:\/\/www.schreinerei-riehl.de\/\" target=\"_blank\" rel=\"noopener noreferrer\">www.schreinerei-riehl.de<\/a><\/strong><\/p>\n<p><strong><a href=\"http:\/\/www.boomer-ritter.de\/\" target=\"_blank\" rel=\"noopener noreferrer\">www.boomer-ritter.de<\/a><\/strong><\/p>\n<p><strong><a href=\"http:\/\/kita-bubenheim.de\/\" target=\"_blank\" rel=\"noopener noreferrer\">www.kita-bubenheim.de<\/a>\u00a0<\/strong><\/p>\n<p><strong><a href=\"http:\/\/www.malerschiess.de\/\" target=\"_blank\" rel=\"noopener noreferrer\">www.malerschiess.de<\/a><\/strong><\/p>\n<p><strong>\u00a0<a href=\"http:\/\/frauenchor-bubenheim.de\/\" target=\"_blank\" rel=\"noopener noreferrer\">www.frauenchor-bubenheim.de<\/a><\/strong><\/p>\n<p><span style=\"color: #ffffff;\">.<\/span><strong><a href=\"http:\/\/www.ac-r\u00fcbenach.de\/\" target=\"_blank\" rel=\"noopener noreferrer\">www.ac-r\u00fcbenach.de<\/a><\/strong><\/p>\n<p><strong>\u00a0<a href=\"http:\/\/www.raumausstattunglaurino.de\/Startseite\/\" target=\"_blank\" rel=\"noopener noreferrer\">www.raumausstattunglaurino.de<\/a><\/strong><\/p>\n","protected":false},"excerpt":{"rendered":"<p>Sie haben keine Zeit sich um ihre Website zu k\u00fcmmern, sie zu pflegen? Neben der Erstellung von Websites \u00fcbernimmt HH-infoMedia auch deren Betreuung und Pflege. Die Leistungen beinhalten: .&#8211; Tempor\u00e4re-\u00a0oder generelle\u00a0Neueinstellungen &#8211; \u00c4nderungen oder Korrekturen von Standards &#8211; \u00dcberarbeitung oder Erneuerung Layout &#8211; Programmbedingte Updates .Nachfolgende Websites werden von HH-infoMedia betreut: . www.unser-ruebenach.de www.der-metternicher.de www.mein-bubenheim.de [&hellip;]<\/p>\n","protected":false},"author":2,"featured_media":0,"parent":12,"menu_order":2,"comment_status":"closed","ping_status":"closed","template":"","meta":[],"_links":{"self":[{"href":"http:\/\/hh-infomedia.de\/index.php?rest_route=\/wp\/v2\/pages\/48"}],"collection":[{"href":"http:\/\/hh-infomedia.de\/index.php?rest_route=\/wp\/v2\/pages"}],"about":[{"href":"http:\/\/hh-infomedia.de\/index.php?rest_route=\/wp\/v2\/types\/page"}],"author":[{"embeddable":true,"href":"http:\/\/hh-infomedia.de\/index.php?rest_route=\/wp\/v2\/users\/2"}],"replies":[{"embeddable":true,"href":"http:\/\/hh-infomedia.de\/index.php?rest_route=%2Fwp%2Fv2%2Fcomments&post=48"}],"version-history":[{"count":73,"href":"http:\/\/hh-infomedia.de\/index.php?rest_route=\/wp\/v2\/pages\/48\/revisions"}],"predecessor-version":[{"id":695,"href":"http:\/\/hh-infomedia.de\/index.php?rest_route=\/wp\/v2\/pages\/48\/revisions\/695"}],"up":[{"embeddable":true,"href":"http:\/\/hh-infomedia.de\/index.php?rest_route=\/wp\/v2\/pages\/12"}],"wp:attachment":[{"href":"http:\/\/hh-infomedia.de\/index.php?rest_route=%2Fwp%2Fv2%2Fmedia&parent=48"}],"curies":[{"name":"wp","href":"https:\/\/api.w.org\/{rel}","templated":true}]}}