{"id":35,"date":"2013-06-24T12:52:10","date_gmt":"2013-06-24T10:52:10","guid":{"rendered":"http:\/\/hh-infomedia.de\/?page_id=35"},"modified":"2023-03-05T09:25:19","modified_gmt":"2023-03-05T07:25:19","slug":"websiten-erstellung","status":"publish","type":"page","link":"http:\/\/hh-infomedia.de\/?page_id=35","title":{"rendered":"Websites Erstellung"},"content":{"rendered":"<p style=\"text-align: justify;\">HH-infoMedia erstellt Websites, angepasst an die speziellen Bed\u00fcrfnisse Ihrer Firma, ihres Gesch\u00e4fts, Verein oder Einrichtung. Die Leistungen umfassen neben der Beratung die komplette Einrichtung, Layout und die Ver\u00f6ffentlichung im Web. Sofern Fotoaufnahmen erforderlich sind bietet HH-infoMedia auch hier eigene Dienste an. N\u00e4here Informationen sind zu erhalten unter:<\/p>\n<p style=\"padding-left: 60px;\">Tel.: 0261-22974<br \/>\nMobil: 0171-3769517<br \/>\nE-Mail:\u00a0<a href=\"mailto:info@hh-infomedia.de\">info@hh-infomedia.de<\/a><a href=\"mailto:info@infomedia.de\"><br \/>\n<\/a><\/p>\n<p>Nachfolgende Websites wurden von HH-infoMedia erstellt:<br \/>\n<span style=\"color: #ffffff;\">.<\/span><\/p>\n<p style=\"text-align: left;\"><strong><a href=\"http:\/\/www.unser-ruebenach.de\/\" target=\"_blank\" rel=\"noopener noreferrer\">www.unser-ruebenach.de<\/a><\/strong><\/p>\n<p style=\"text-align: left;\"><a href=\"http:\/\/dermetternicher.de\/\" target=\"_blank\" rel=\"noopener noreferrer\"><strong>www.der-metternicher.de<\/strong><\/a><\/p>\n<p><strong><a href=\"http:\/\/mein-bubenheim.de\/\" target=\"_blank\" rel=\"noopener noreferrer\">www.mein-bubenheim.de<\/a><\/strong><\/p>\n<p><a href=\"http:\/\/www.frauenchor-quodlibet.de\/\" target=\"_blank\" rel=\"noopener noreferrer\"><strong>www.frauenchor-quodlibet.de<\/strong><\/a><\/p>\n<p><a href=\"http:\/\/www.schuetzen-ruebenach.de\/\" target=\"_blank\" rel=\"noopener noreferrer\"><strong>www.schuetzen-ruebenach.de<\/strong><\/a><\/p>\n<p><strong><a href=\"http:\/\/www.busch-henning.de\/\" target=\"_blank\" rel=\"noopener noreferrer\">www.busch-henning.de<\/a><\/strong><\/p>\n<p><strong><a href=\"http:\/\/ritas-naehstuebchen.de\/\" target=\"_blank\" rel=\"noopener noreferrer\">www.ritas-naehstuebchen.de<\/a><\/strong><\/p>\n<p><strong><a href=\"http:\/\/www.schuhtechnik-weber.de\/\" target=\"_blank\" rel=\"noopener noreferrer\">www.schuhtechnik-weber.de<\/a><\/strong><\/p>\n<p><strong><a href=\"http:\/\/www.elektro-fondel.de\/\" target=\"_blank\" rel=\"noopener noreferrer\">www.elektro-fondel.de<\/a><\/strong><\/p>\n<p><b><a href=\"http:\/\/www.becker-steinmetz.de\/\" target=\"_blank\" rel=\"noopener noreferrer\">www.becker-steinmetz.de<\/a><\/b><\/p>\n<p><strong><a href=\"http:\/\/www.boomer-ritter.de\/\" target=\"_blank\" rel=\"noopener noreferrer\">www.boomer-ritter.de<\/a><\/strong><\/p>\n<p><strong><a href=\"http:\/\/kita-bubenheim.de\/\" target=\"_blank\" rel=\"noopener noreferrer\">www.kita-bubenheim.de<\/a>\u00a0<\/strong><\/p>\n<p><strong><a href=\"http:\/\/www.malerschiess.de\/\" target=\"_blank\" rel=\"noopener noreferrer\">www.malerschiess.de<\/a><\/strong><\/p>\n<p><strong><a href=\"http:\/\/frauenchor-bubenheim.de\/\" target=\"_blank\" rel=\"noopener noreferrer\">www.frauenchor-bubenheim.de<\/a><\/strong><\/p>\n<p><span style=\"color: #ffffff;\">.<\/span><strong><a href=\"http:\/\/www.ac-r\u00fcbenach.de\/\" target=\"_blank\" rel=\"noopener noreferrer\">www.ac-r\u00fcbenach.de<\/a>\u00a0<\/strong><\/p>\n<p><span style=\"color: #ffffff;\">.<\/span><a href=\"http:\/\/www.rmw-kartservice.com\/\" target=\"_blank\" rel=\"noopener noreferrer\"><strong>www.rmw-kartservice.com<\/strong><\/a><strong>\u00a0<\/strong><\/p>\n<p><strong>\u00a0<a href=\"http:\/\/www.raumausstattunglaurino.de\/Startseite\/\" target=\"_blank\" rel=\"noopener noreferrer\">www.raumausstattunglaurino.de<\/a><\/strong><\/p>\n<p><span style=\"color: #ffffff;\">..<\/span><a href=\"https:\/\/marienkapelle-bassenheim.de\/\" target=\"_blank\" rel=\"noopener noreferrer\"><strong>www.marienkapelle-bassenheim.de<\/strong><\/a><\/p>\n<p><strong><span style=\"color: #ffffff;\">..<\/span><a href=\"https:\/\/spelle-rechtsanwaelte.de\" target=\"_blank\" rel=\"noopener noreferrer\">www.spelle-rechtsanwaelte.de<\/a><\/strong><\/p>\n","protected":false},"excerpt":{"rendered":"<p>HH-infoMedia erstellt Websites, angepasst an die speziellen Bed\u00fcrfnisse Ihrer Firma, ihres Gesch\u00e4fts, Verein oder Einrichtung. Die Leistungen umfassen neben der Beratung die komplette Einrichtung, Layout und die Ver\u00f6ffentlichung im Web. Sofern Fotoaufnahmen erforderlich sind bietet HH-infoMedia auch hier eigene Dienste an. N\u00e4here Informationen sind zu erhalten unter: Tel.: 0261-22974 Mobil: 0171-3769517 E-Mail:\u00a0info@hh-infomedia.de Nachfolgende Websites wurden [&hellip;]<\/p>\n","protected":false},"author":2,"featured_media":0,"parent":12,"menu_order":1,"comment_status":"closed","ping_status":"closed","template":"","meta":[],"_links":{"self":[{"href":"http:\/\/hh-infomedia.de\/index.php?rest_route=\/wp\/v2\/pages\/35"}],"collection":[{"href":"http:\/\/hh-infomedia.de\/index.php?rest_route=\/wp\/v2\/pages"}],"about":[{"href":"http:\/\/hh-infomedia.de\/index.php?rest_route=\/wp\/v2\/types\/page"}],"author":[{"embeddable":true,"href":"http:\/\/hh-infomedia.de\/index.php?rest_route=\/wp\/v2\/users\/2"}],"replies":[{"embeddable":true,"href":"http:\/\/hh-infomedia.de\/index.php?rest_route=%2Fwp%2Fv2%2Fcomments&post=35"}],"version-history":[{"count":101,"href":"http:\/\/hh-infomedia.de\/index.php?rest_route=\/wp\/v2\/pages\/35\/revisions"}],"predecessor-version":[{"id":691,"href":"http:\/\/hh-infomedia.de\/index.php?rest_route=\/wp\/v2\/pages\/35\/revisions\/691"}],"up":[{"embeddable":true,"href":"http:\/\/hh-infomedia.de\/index.php?rest_route=\/wp\/v2\/pages\/12"}],"wp:attachment":[{"href":"http:\/\/hh-infomedia.de\/index.php?rest_route=%2Fwp%2Fv2%2Fmedia&parent=35"}],"curies":[{"name":"wp","href":"https:\/\/api.w.org\/{rel}","templated":true}]}}